{"id":125,"date":"2017-11-11T01:35:28","date_gmt":"2017-11-11T00:35:28","guid":{"rendered":"http:\/\/ventacav.com\/?page_id=125"},"modified":"2017-11-12T21:56:22","modified_gmt":"2017-11-12T20:56:22","slug":"contraventana-interior","status":"publish","type":"page","link":"https:\/\/ventacav.com\/?page_id=125","title":{"rendered":"CONTRAVENTANA INTERIOR"},"content":{"rendered":"<p align=\"justify\"><img loading=\"lazy\" decoding=\"async\" class=\"size-medium wp-image-68 alignright\" src=\"https:\/\/ventacav.com\/wp-content\/uploads\/2017\/11\/contraventana1-221x300.jpg\" alt=\"\" width=\"221\" height=\"300\" srcset=\"https:\/\/ventacav.com\/wp-content\/uploads\/2017\/11\/contraventana1-221x300.jpg 221w, https:\/\/ventacav.com\/wp-content\/uploads\/2017\/11\/contraventana1.jpg 228w\" sizes=\"auto, (max-width: 221px) 100vw, 221px\" \/>La contraventana interior ofrece otra alternativa al tradicional al capialzado frente a la protecci\u00f3n solar. Este sistema se configura id\u00f3neo para fachadas en construcciones antiguas o de corte rural por su adecuaci\u00f3n est\u00e9tica. Su f\u00e1cil instalaci\u00f3n as\u00ed como su adaptabilidad a cualquier forma y dise\u00f1o arquitect\u00f3nico responden particularmente a cada proyecto.<\/p>\n<p align=\"justify\">Las contraventanas interiores, incorporan el concepto de perfiles de hoja ajunquillables, permitiendo el acristalamiento ciego de 10 a 15 Mm de espesor, simplificando de manera notable el proceso y el tiempo de fabricaci\u00f3n. Las juntas fabricadas en EPDM, son f\u00e1cilmente reemplazables, resistiendo las influencias atmosf\u00e9ricas as\u00ed como al envejecimiento prematuro, y conservando su elevada elasticidad.<\/p>\n<p align=\"justify\">Disponible en los colores m\u00e1s demandados para estos sistemas: roble dorado, nogal y blanco.cos\u2026<\/p>\n<p align=\"justify\"><img loading=\"lazy\" decoding=\"async\" class=\"alignnone size-medium wp-image-69\" src=\"https:\/\/ventacav.com\/wp-content\/uploads\/2017\/11\/contraventana-acabados2-300x177.jpg\" alt=\"\" width=\"300\" height=\"177\" srcset=\"https:\/\/ventacav.com\/wp-content\/uploads\/2017\/11\/contraventana-acabados2-300x177.jpg 300w, https:\/\/ventacav.com\/wp-content\/uploads\/2017\/11\/contraventana-acabados2.jpg 395w\" sizes=\"auto, (max-width: 300px) 100vw, 300px\" \/><\/p>\n<p align=\"justify\"><img loading=\"lazy\" decoding=\"async\" class=\"alignnone size-medium wp-image-62\" src=\"https:\/\/ventacav.com\/wp-content\/uploads\/2017\/11\/arqcontraventana-300x142.jpg\" alt=\"\" width=\"300\" height=\"142\" srcset=\"https:\/\/ventacav.com\/wp-content\/uploads\/2017\/11\/arqcontraventana-300x142.jpg 300w, https:\/\/ventacav.com\/wp-content\/uploads\/2017\/11\/arqcontraventana.jpg 700w\" sizes=\"auto, (max-width: 300px) 100vw, 300px\" \/><\/p>\n","protected":false},"excerpt":{"rendered":"<p>La contraventana interior ofrece otra alternativa al tradicional al capialzado frente a la protecci\u00f3n solar. Este sistema se configura id\u00f3neo para fachadas en construcciones antiguas o de corte rural por su adecuaci\u00f3n est\u00e9tica. Su f\u00e1cil instalaci\u00f3n as\u00ed como su adaptabilidad &hellip; <a class=\"kt-excerpt-readmore\" href=\"https:\/\/ventacav.com\/?page_id=125\" aria-label=\"CONTRAVENTANA INTERIOR\">Leer m&aacute;s<\/a><\/p>\n","protected":false},"author":1,"featured_media":0,"parent":49,"menu_order":0,"comment_status":"closed","ping_status":"closed","template":"page-fullwidth.php","meta":{"footnotes":""},"class_list":["post-125","page","type-page","status-publish","hentry"],"_links":{"self":[{"href":"https:\/\/ventacav.com\/index.php?rest_route=\/wp\/v2\/pages\/125","targetHints":{"allow":["GET"]}}],"collection":[{"href":"https:\/\/ventacav.com\/index.php?rest_route=\/wp\/v2\/pages"}],"about":[{"href":"https:\/\/ventacav.com\/index.php?rest_route=\/wp\/v2\/types\/page"}],"author":[{"embeddable":true,"href":"https:\/\/ventacav.com\/index.php?rest_route=\/wp\/v2\/users\/1"}],"replies":[{"embeddable":true,"href":"https:\/\/ventacav.com\/index.php?rest_route=%2Fwp%2Fv2%2Fcomments&post=125"}],"version-history":[{"count":4,"href":"https:\/\/ventacav.com\/index.php?rest_route=\/wp\/v2\/pages\/125\/revisions"}],"predecessor-version":[{"id":150,"href":"https:\/\/ventacav.com\/index.php?rest_route=\/wp\/v2\/pages\/125\/revisions\/150"}],"up":[{"embeddable":true,"href":"https:\/\/ventacav.com\/index.php?rest_route=\/wp\/v2\/pages\/49"}],"wp:attachment":[{"href":"https:\/\/ventacav.com\/index.php?rest_route=%2Fwp%2Fv2%2Fmedia&parent=125"}],"curies":[{"name":"wp","href":"https:\/\/api.w.org\/{rel}","templated":true}]}}