{"id":133,"date":"2017-11-11T01:43:59","date_gmt":"2017-11-11T00:43:59","guid":{"rendered":"http:\/\/ventacav.com\/?page_id=133"},"modified":"2017-11-12T21:39:50","modified_gmt":"2017-11-12T20:39:50","slug":"vidrio","status":"publish","type":"page","link":"https:\/\/ventacav.com\/?page_id=133","title":{"rendered":"VIDRIO"},"content":{"rendered":"<p align=\"justify\"><img loading=\"lazy\" decoding=\"async\" class=\"size-medium wp-image-85 alignright\" src=\"https:\/\/ventacav.com\/wp-content\/uploads\/2017\/11\/vidrios-221x300.jpg\" alt=\"\" width=\"221\" height=\"300\" srcset=\"https:\/\/ventacav.com\/wp-content\/uploads\/2017\/11\/vidrios-221x300.jpg 221w, https:\/\/ventacav.com\/wp-content\/uploads\/2017\/11\/vidrios.jpg 228w\" sizes=\"auto, (max-width: 221px) 100vw, 221px\" \/>El vidrio cobra una gran importancia en la configuraci\u00f3n de la ventana. Cabe la posibilidad de elegir entre diferentes espesores de 24 hasta 42 Mm. y diferentes configuraciones en su grosor (6\/14\/4, 4\/16\/4\u2026) as\u00ed como vidrios con tratamientos especiales como los bajo emisivos, que aseguran un excelente aislamiento t\u00e9rmico y ac\u00fastico en toda la vivienda.<\/p>\n<p align=\"justify\">El sistema que empleamos incorpora vidrios de doble acristalamiento que proporcionan un mayor nivel de confort t\u00e9rmico, ahorrando energ\u00eda y dinero. La protecci\u00f3n contra el fr\u00edo y el calor est\u00e1 garantizada debido al alto nivel de aislamiento, que ayudar\u00e1 a mantener una temperatura agradable en el interior de su vivienda haci\u00e9ndola mas confortable.<\/p>\n<p align=\"justify\">Con la elecci\u00f3n de un vidrio adecuado para su vivienda usted podr\u00e1 reducir gastos en calefacci\u00f3n y refrigeraci\u00f3n, al perder menos calor por las ventanas en invierno y dejar que entre menos calor en verano.<\/p>\n<p align=\"justify\">El accionamiento del sistema de capialzado Eurostar ofrece dos opciones:<\/p>\n<p class=\"Estilo4\">ACCIONAMIENTO MOTORIZADO<br \/>\nACCIONAMIENTO MANUAL MEDIANTE RECOGEDOR<\/p>\n<p><a href=\"https:\/\/ventacav.com\/wp-content\/uploads\/guardiansun.pdf\"><img loading=\"lazy\" decoding=\"async\" class=\"alignnone size-full wp-image-135\" src=\"https:\/\/ventacav.com\/wp-content\/uploads\/guardiansun.jpg\" alt=\"\" width=\"77\" height=\"77\" \/>\u00a0<img loading=\"lazy\" decoding=\"async\" class=\"alignnone size-full wp-image-89\" src=\"https:\/\/ventacav.com\/wp-content\/uploads\/2017\/11\/vidrios5_g.jpg\" alt=\"\" width=\"255\" height=\"195\" \/>\u00a0<img loading=\"lazy\" decoding=\"async\" class=\"alignnone size-medium wp-image-88\" src=\"https:\/\/ventacav.com\/wp-content\/uploads\/2017\/11\/vidrios4_g-300x212.jpg\" alt=\"\" width=\"300\" height=\"212\" srcset=\"https:\/\/ventacav.com\/wp-content\/uploads\/2017\/11\/vidrios4_g-300x212.jpg 300w, https:\/\/ventacav.com\/wp-content\/uploads\/2017\/11\/vidrios4_g.jpg 397w\" sizes=\"auto, (max-width: 300px) 100vw, 300px\" \/>\u00a0<img loading=\"lazy\" decoding=\"async\" class=\"alignnone size-full wp-image-87\" src=\"https:\/\/ventacav.com\/wp-content\/uploads\/2017\/11\/vidrios3_g.jpg\" alt=\"\" width=\"248\" height=\"247\" srcset=\"https:\/\/ventacav.com\/wp-content\/uploads\/2017\/11\/vidrios3_g.jpg 248w, https:\/\/ventacav.com\/wp-content\/uploads\/2017\/11\/vidrios3_g-150x150.jpg 150w, https:\/\/ventacav.com\/wp-content\/uploads\/2017\/11\/vidrios3_g-100x100.jpg 100w\" sizes=\"auto, (max-width: 248px) 100vw, 248px\" \/>\u00a0<img loading=\"lazy\" decoding=\"async\" class=\"alignnone size-medium wp-image-86\" src=\"https:\/\/ventacav.com\/wp-content\/uploads\/2017\/11\/vidrios2_g-248x300.jpg\" alt=\"\" width=\"248\" height=\"300\" srcset=\"https:\/\/ventacav.com\/wp-content\/uploads\/2017\/11\/vidrios2_g-248x300.jpg 248w, https:\/\/ventacav.com\/wp-content\/uploads\/2017\/11\/vidrios2_g.jpg 249w\" sizes=\"auto, (max-width: 248px) 100vw, 248px\" \/><\/a><\/p>\n","protected":false},"excerpt":{"rendered":"<p>El vidrio cobra una gran importancia en la configuraci\u00f3n de la ventana. Cabe la posibilidad de elegir entre diferentes espesores de 24 hasta 42 Mm. y diferentes configuraciones en su grosor (6\/14\/4, 4\/16\/4\u2026) as\u00ed como vidrios con tratamientos especiales como &hellip; <a class=\"kt-excerpt-readmore\" href=\"https:\/\/ventacav.com\/?page_id=133\" aria-label=\"VIDRIO\">Leer m&aacute;s<\/a><\/p>\n","protected":false},"author":1,"featured_media":0,"parent":49,"menu_order":0,"comment_status":"closed","ping_status":"closed","template":"page-fullwidth.php","meta":{"footnotes":""},"class_list":["post-133","page","type-page","status-publish","hentry"],"_links":{"self":[{"href":"https:\/\/ventacav.com\/index.php?rest_route=\/wp\/v2\/pages\/133","targetHints":{"allow":["GET"]}}],"collection":[{"href":"https:\/\/ventacav.com\/index.php?rest_route=\/wp\/v2\/pages"}],"about":[{"href":"https:\/\/ventacav.com\/index.php?rest_route=\/wp\/v2\/types\/page"}],"author":[{"embeddable":true,"href":"https:\/\/ventacav.com\/index.php?rest_route=\/wp\/v2\/users\/1"}],"replies":[{"embeddable":true,"href":"https:\/\/ventacav.com\/index.php?rest_route=%2Fwp%2Fv2%2Fcomments&post=133"}],"version-history":[{"count":7,"href":"https:\/\/ventacav.com\/index.php?rest_route=\/wp\/v2\/pages\/133\/revisions"}],"predecessor-version":[{"id":165,"href":"https:\/\/ventacav.com\/index.php?rest_route=\/wp\/v2\/pages\/133\/revisions\/165"}],"up":[{"embeddable":true,"href":"https:\/\/ventacav.com\/index.php?rest_route=\/wp\/v2\/pages\/49"}],"wp:attachment":[{"href":"https:\/\/ventacav.com\/index.php?rest_route=%2Fwp%2Fv2%2Fmedia&parent=133"}],"curies":[{"name":"wp","href":"https:\/\/api.w.org\/{rel}","templated":true}]}}