{"id":42,"date":"2017-11-09T22:30:58","date_gmt":"2017-11-09T22:30:58","guid":{"rendered":"http:\/\/ventacav.com\/?page_id=42"},"modified":"2017-11-12T21:53:04","modified_gmt":"2017-11-12T20:53:04","slug":"puerta-oscilo-paralela","status":"publish","type":"page","link":"https:\/\/ventacav.com\/?page_id=42","title":{"rendered":"PUERTA OSCILO &#8211; PARALELA"},"content":{"rendered":"<p align=\"justify\"><img loading=\"lazy\" decoding=\"async\" class=\"size-medium wp-image-72 alignright\" src=\"https:\/\/ventacav.com\/wp-content\/uploads\/2017\/11\/oscilo_01-221x300.jpg\" alt=\"\" width=\"221\" height=\"300\" srcset=\"https:\/\/ventacav.com\/wp-content\/uploads\/2017\/11\/oscilo_01-221x300.jpg 221w, https:\/\/ventacav.com\/wp-content\/uploads\/2017\/11\/oscilo_01.jpg 228w\" sizes=\"auto, (max-width: 221px) 100vw, 221px\" \/>El sistema de apertura de la corredera con oscilo-paralela se caracteriza por la combinaci\u00f3n de una hoja que se desliza lateralmente sobre otra en posici\u00f3n fija o bien practicable, esta hoja deslizante podr\u00e1 a su vez colocarse en posici\u00f3n oscilo-batiente..<\/p>\n<p align=\"justify\">La elecci\u00f3n de este sistema le permitir\u00e1 optar por una soluci\u00f3n muy c\u00f3moda e id\u00f3nea en espacios reducidos o poco transitables con falta de ventilaci\u00f3n.<\/p>\n<p align=\"justify\">La puerta corredera oscilo paralela gracias a que se fabrica con sistemas de perfiles SL\/DJ 70mm y SW 70 Mm. caracterizados por su robustez, conserva todas sus propiedades herm\u00e9ticas y de estanqueidad.<\/p>\n<p align=\"justify\">Este sistema esta disponible en color blanco y diferentes texturas de madera.<\/p>\n","protected":false},"excerpt":{"rendered":"<p>El sistema de apertura de la corredera con oscilo-paralela se caracteriza por la combinaci\u00f3n de una hoja que se desliza lateralmente sobre otra en posici\u00f3n fija o bien practicable, esta hoja deslizante podr\u00e1 a su vez colocarse en posici\u00f3n oscilo-batiente.. &hellip; <a class=\"kt-excerpt-readmore\" href=\"https:\/\/ventacav.com\/?page_id=42\" aria-label=\"PUERTA OSCILO &#8211; PARALELA\">Leer m&aacute;s<\/a><\/p>\n","protected":false},"author":1,"featured_media":0,"parent":49,"menu_order":0,"comment_status":"closed","ping_status":"closed","template":"page-fullwidth.php","meta":{"footnotes":""},"class_list":["post-42","page","type-page","status-publish","hentry"],"_links":{"self":[{"href":"https:\/\/ventacav.com\/index.php?rest_route=\/wp\/v2\/pages\/42","targetHints":{"allow":["GET"]}}],"collection":[{"href":"https:\/\/ventacav.com\/index.php?rest_route=\/wp\/v2\/pages"}],"about":[{"href":"https:\/\/ventacav.com\/index.php?rest_route=\/wp\/v2\/types\/page"}],"author":[{"embeddable":true,"href":"https:\/\/ventacav.com\/index.php?rest_route=\/wp\/v2\/users\/1"}],"replies":[{"embeddable":true,"href":"https:\/\/ventacav.com\/index.php?rest_route=%2Fwp%2Fv2%2Fcomments&post=42"}],"version-history":[{"count":3,"href":"https:\/\/ventacav.com\/index.php?rest_route=\/wp\/v2\/pages\/42\/revisions"}],"predecessor-version":[{"id":145,"href":"https:\/\/ventacav.com\/index.php?rest_route=\/wp\/v2\/pages\/42\/revisions\/145"}],"up":[{"embeddable":true,"href":"https:\/\/ventacav.com\/index.php?rest_route=\/wp\/v2\/pages\/49"}],"wp:attachment":[{"href":"https:\/\/ventacav.com\/index.php?rest_route=%2Fwp%2Fv2%2Fmedia&parent=42"}],"curies":[{"name":"wp","href":"https:\/\/api.w.org\/{rel}","templated":true}]}}